{"id":543,"date":"2025-03-13T10:10:19","date_gmt":"2025-03-13T13:10:19","guid":{"rendered":"https:\/\/guimarques.com.br\/?page_id=543"},"modified":"2025-03-21T13:34:00","modified_gmt":"2025-03-21T16:34:00","slug":"videos","status":"publish","type":"page","link":"https:\/\/guimarques.com.br\/?page_id=543","title":{"rendered":"V\u00cdDEOS"},"content":{"rendered":"<h1 style=\"text-align: center;\"><span style=\"color: #0000ff;\"><strong>V\u00cdDEOS<\/strong><\/span><\/h1>\n<h4><span style=\"color: #ff0000;\"><strong>LITURGIA<\/strong><\/span><\/h4>\n<ul>\n<li>\n<h4><span style=\"color: #0000ff;\">Ano C<\/span><\/h4>\n<ul>\n<li><strong>Pe. Mauro Negro, OSJ<\/strong> &#8211; <a href=\"https:\/\/www.youtube.com\/watch?v=cMrfWnwnvms\" target=\"_blank\" rel=\"noopener\">2\u00b0 Domingo da Quaresma<\/a><\/li>\n<li><strong>Pe. Mauro Negro, OSJ<\/strong> &#8211; <a href=\"https:\/\/www.youtube.com\/watch?v=ahvRh9CE0ns\" target=\"_blank\" rel=\"noopener\">3\u00b0 Domingo da Quaresma<\/a><\/li>\n<\/ul>\n<\/li>\n<\/ul>\n<p><span style=\"color: #ff0000;\"><strong>S\u00c3O JOS\u00c9<\/strong><\/span><\/p>\n<ul>\n<li style=\"list-style-type: none;\">\n<ul>\n<li><strong>Pe. Mauro Negro, OSJ<\/strong> &#8211; <a href=\"https:\/\/www.youtube.com\/watch?v=ahvRh9CE0ns\" target=\"_blank\" rel=\"noopener\">Solenidade de S\u00e3o Jos\u00e9 &#8211; Homilia (2025)<\/a><\/li>\n<\/ul>\n<\/li>\n<\/ul>\n","protected":false},"excerpt":{"rendered":"<p>V\u00cdDEOS LITURGIA Ano C Pe. Mauro Negro, OSJ &#8211; 2\u00b0 Domingo da Quaresma Pe. Mauro Negro, OSJ &#8211; 3\u00b0 Domingo da Quaresma S\u00c3O JOS\u00c9 Pe. Mauro Negro, OSJ &#8211; Solenidade de S\u00e3o Jos\u00e9 &#8211; Homilia (2025)<\/p>\n","protected":false},"author":1,"featured_media":544,"parent":0,"menu_order":0,"comment_status":"closed","ping_status":"closed","template":"","meta":{"jetpack_post_was_ever_published":false,"footnotes":""},"class_list":["post-543","page","type-page","status-publish","has-post-thumbnail","hentry"],"jetpack_sharing_enabled":true,"jetpack_likes_enabled":true,"_links":{"self":[{"href":"https:\/\/guimarques.com.br\/index.php?rest_route=\/wp\/v2\/pages\/543","targetHints":{"allow":["GET"]}}],"collection":[{"href":"https:\/\/guimarques.com.br\/index.php?rest_route=\/wp\/v2\/pages"}],"about":[{"href":"https:\/\/guimarques.com.br\/index.php?rest_route=\/wp\/v2\/types\/page"}],"author":[{"embeddable":true,"href":"https:\/\/guimarques.com.br\/index.php?rest_route=\/wp\/v2\/users\/1"}],"replies":[{"embeddable":true,"href":"https:\/\/guimarques.com.br\/index.php?rest_route=%2Fwp%2Fv2%2Fcomments&post=543"}],"version-history":[{"count":6,"href":"https:\/\/guimarques.com.br\/index.php?rest_route=\/wp\/v2\/pages\/543\/revisions"}],"predecessor-version":[{"id":571,"href":"https:\/\/guimarques.com.br\/index.php?rest_route=\/wp\/v2\/pages\/543\/revisions\/571"}],"wp:featuredmedia":[{"embeddable":true,"href":"https:\/\/guimarques.com.br\/index.php?rest_route=\/wp\/v2\/media\/544"}],"wp:attachment":[{"href":"https:\/\/guimarques.com.br\/index.php?rest_route=%2Fwp%2Fv2%2Fmedia&parent=543"}],"curies":[{"name":"wp","href":"https:\/\/api.w.org\/{rel}","templated":true}]}}