{"id":46,"date":"2024-11-18T10:08:54","date_gmt":"2024-11-18T13:08:54","guid":{"rendered":"https:\/\/guimarques.com.br\/?page_id=46"},"modified":"2025-06-30T15:30:14","modified_gmt":"2025-06-30T18:30:14","slug":"indice-dos-artigos","status":"publish","type":"page","link":"https:\/\/guimarques.com.br\/?page_id=46","title":{"rendered":"\u00cdNDICE ARTIGOS"},"content":{"rendered":"<h1 style=\"text-align: center;\"><span style=\"color: #0000ff;\"><strong>ARTIGOS<br \/>\n<\/strong><\/span><\/h1>\n<hr \/>\n<ul>\n<li>\n<h3><span style=\"color: #ff0000;\"><strong>ADMINISTRA\u00c7\u00c3O<\/strong><\/span><\/h3>\n<\/li>\n<li style=\"list-style-type: none;\">\n<ul>\n<li><strong>Reda\u00e7\u00e3o<\/strong> &#8211; <a href=\"https:\/\/guimarques.com.br\/?p=25\">5 coisas que acontecem com pessoas desorganizadas<\/a><\/li>\n<\/ul>\n<\/li>\n<\/ul>\n<hr \/>\n<ul>\n<li>\n<h3><span style=\"color: #ff0000;\"><strong>ANTROPOLOGIA<\/strong><\/span><\/h3>\n<\/li>\n<li style=\"list-style-type: none;\">\n<ul>\n<li><strong><span class=\"TextRun SCXW14192464 BCX2\" lang=\"PT-BR\" xml:lang=\"PT-BR\" data-contrast=\"auto\"><span class=\"NormalTextRun SpellingErrorV2Themed SCXW14192464 BCX2\">Nu\u00f1o<\/span><span class=\"NormalTextRun SCXW14192464 BCX2\"> Dom\u00ednguez<\/span><\/span><\/strong> &#8211; <a href=\"https:\/\/guimarques.com.br\/?p=141\"><span class=\"TextRun SCXW228550055 BCX2\" lang=\"PT-BR\" xml:lang=\"PT-BR\" data-contrast=\"none\"><span class=\"NormalTextRun SCXW228550055 BCX2\" data-ccp-parastyle=\"heading 1\">P<\/span><span class=\"NormalTextRun SCXW228550055 BCX2\" data-ccp-parastyle=\"heading 1\">egadas revelam a coexist\u00eancia de duas esp\u00e9cies humanas h\u00e1 1,5 milh\u00e3o de anos<\/span><\/span><\/a><\/li>\n<\/ul>\n<\/li>\n<\/ul>\n<hr \/>\n<ul>\n<li>\n<h3><strong><span style=\"color: #ff0000;\">ASTRONOMIA<\/span><\/strong><\/h3>\n<\/li>\n<li style=\"list-style-type: none;\">\n<ul>\n<li><strong>Ism\u00eania Azambuja<\/strong> &#8211; <a href=\"https:\/\/guimarques.com.br\/?p=385\">A jornada de um g\u00eanio<\/a><\/li>\n<li><strong>Marina Cerme\u00f1o Gavil\u00e1n<\/strong> &#8211; <a href=\"https:\/\/guimarques.com.br\/?p=170\">Como saber que a mat\u00e9ria escura existe se ela n\u00e3o pode ser detectada?<\/a><\/li>\n<li><strong>Sarah Romero<\/strong> &#8211; <a href=\"https:\/\/guimarques.com.br\/?p=76\">Um beb\u00ea de 3 milh\u00f5es de anos no espa\u00e7o<\/a><\/li>\n<li><strong>Sergio Parra<\/strong> &#8211; <a href=\"https:\/\/guimarques.com.br\/?p=747\">E se n\u00e3o f\u00f4ssemos \u00fanicos?<\/a><\/li>\n<\/ul>\n<\/li>\n<\/ul>\n<hr \/>\n<ul>\n<li>\n<h3><span style=\"color: #ff0000;\"><strong>CI\u00caNCIA<\/strong><\/span><\/h3>\n<\/li>\n<li style=\"list-style-type: none;\">\n<ul>\n<li><strong>Carmen Sarabbia Cobo<\/strong> &#8211; <a href=\"https:\/\/guimarques.com.br\/?p=507\">As c\u00e9lulas t\u00eam mem\u00f3ria?<\/a><\/li>\n<li><strong>Claudia Rocha<\/strong> &#8211; <a href=\"https:\/\/guimarques.com.br\/?p=484\">Brain rot: o que explica o emburrecimento do nosso c\u00e9rebro?<\/a><\/li>\n<li><b><span data-contrast=\"auto\">Daniel Pellicer Roig<\/span><\/b> &#8211; <a href=\"https:\/\/guimarques.com.br\/?p=472\">Os seres humanos est\u00e3o quebrando a evolu\u00e7\u00e3o: como seremos no futuro?<\/a><\/li>\n<li><strong>Mercedes Feriche Fern\u00e1ndez-Castanys<\/strong> &#8211; <a href=\"https:\/\/guimarques.com.br\/?p=575\">Por que o polo norte magn\u00e9tico n\u00e3o coincide com o polo norte geogr\u00e1fico?<\/a><\/li>\n<li><strong>Noelia Caballero Casero<\/strong> &#8211; <a href=\"https:\/\/guimarques.com.br\/?p=392\">A \u00e1gua pode dissolver qualquer l\u00edquido?<\/a><\/li>\n<li><strong>Sarah Romero<\/strong> &#8211; <a href=\"https:\/\/guimarques.com.br\/?p=10\">Molusco misterioso<\/a><\/li>\n<li><strong>Sarah Romero<\/strong> &#8211; <a href=\"https:\/\/guimarques.com.br\/?p=225\">Velocidade do c\u00e9rebro<\/a><\/li>\n<li><strong>Sergio Parra<\/strong> &#8211; <a href=\"https:\/\/guimarques.com.br\/?p=324\">O avan\u00e7o cient\u00edfico mais not\u00e1vel de 2024, de acordo com a &#8216;Science&#8217;<\/a><\/li>\n<\/ul>\n<\/li>\n<\/ul>\n<hr \/>\n<ul>\n<li>\n<h3><span style=\"color: #ff0000;\"><strong>EFEM\u00c9RIDE<\/strong><\/span><\/h3>\n<\/li>\n<li style=\"list-style-type: none;\">\n<ul>\n<li><strong>03 de fevereiro<\/strong> &#8211; <a href=\"https:\/\/guimarques.com.br\/?p=406\">Dia da Mulher M\u00e9dica<\/a><\/li>\n<\/ul>\n<\/li>\n<\/ul>\n<hr \/>\n<ul>\n<li>\n<h3><span style=\"color: #ff0000;\">FILOSOFIA<\/span><\/h3>\n<\/li>\n<li style=\"list-style-type: none;\">\n<ul>\n<li><strong>Antonio Orozco<\/strong> &#8211; <a href=\"https:\/\/guimarques.com.br\/?p=626\">Conhecimento do Eu<\/a><\/li>\n<li><strong><span class=\"TextRun SCXW121051811 BCX2\" lang=\"PT-BR\" xml:lang=\"PT-BR\" data-contrast=\"auto\"><span class=\"NormalTextRun SCXW121051811 BCX2\">Jos\u00e9 Ram\u00f3n <\/span><span class=\"NormalTextRun SpellingErrorV2Themed SCXW121051811 BCX2\">Ayll\u00f3n<\/span><\/span><\/strong> &#8211; <a href=\"https:\/\/guimarques.com.br\/?p=614\">A busca pela Verdade<\/a><\/li>\n<li><strong>Jos\u00e9 Solana Dueso<\/strong> &#8211; <a href=\"https:\/\/guimarques.com.br\/?p=635\">S\u00f3crates, o professor da Gr\u00e9cia<\/a><\/li>\n<li><strong>Sara Romero<\/strong> &#8211; <a href=\"https:\/\/guimarques.com.br\/?p=630\">S\u00f3crates, filosofo grego, e a aprendizagem<\/a><\/li>\n<li><strong>Sergi Alcalde<\/strong> &#8211; <a href=\"https:\/\/guimarques.com.br\/?p=720\">A felicidade para Conf\u00facio<\/a><\/li>\n<\/ul>\n<\/li>\n<\/ul>\n<hr \/>\n<ul>\n<li>\n<h3><strong><span style=\"color: #ff0000;\">GEOGRAFIA<\/span><\/strong><\/h3>\n<\/li>\n<li style=\"list-style-type: none;\">\n<ul>\n<li><strong>B\u00e1rbara Therrie<\/strong> &#8211; <a href=\"https:\/\/guimarques.com.br\/?p=211\">Vulc\u00f5es em erup\u00e7\u00e3o podem agravar o Efeito Estufa?<\/a><\/li>\n<\/ul>\n<\/li>\n<\/ul>\n<hr \/>\n<ul>\n<li>\n<h3><span style=\"color: #ff0000;\"><strong>HIST\u00d3RIA<\/strong><\/span><\/h3>\n<\/li>\n<li style=\"list-style-type: none;\">\n<ul>\n<li><strong>Abel G. M.<\/strong> &#8211; <a href=\"https:\/\/guimarques.com.br\/?p=193\">O mito de uma cidade italiana<\/a><\/li>\n<li><strong>Abel G. M.<\/strong> &#8211; <a href=\"https:\/\/guimarques.com.br\/?p=651\">Por que os rel\u00f3gios antigos, \u00e0s vezes, t\u00eam o n\u00famero IV escrito como IIII?<\/a><\/li>\n<li><strong>Carme Mayans<\/strong> &#8211; <a href=\"https:\/\/guimarques.com.br\/?p=104\">A origem inesperada da Black Friday<\/a><\/li>\n<li><strong>Eva van den Berg<\/strong> &#8211; <a href=\"https:\/\/guimarques.com.br\/?p=215\">Como era a alimenta\u00e7\u00e3o no Egito fara\u00f4nico?<\/a><\/li>\n<li><strong>J. M. Sadurn\u00ed<\/strong> &#8211; <a href=\"https:\/\/guimarques.com.br\/?p=667\">Pedra de Wawa (Canad\u00e1)<\/a><\/li>\n<li><strong>Sara Romero<\/strong> &#8211; <a href=\"https:\/\/guimarques.com.br\/?p=757\">Quem foi o primeiro fara\u00f3?<\/a><\/li>\n<\/ul>\n<\/li>\n<\/ul>\n<hr \/>\n<ul>\n<li>\n<h3><span style=\"color: #ff0000;\"><strong>LITERATURA<\/strong><\/span><\/h3>\n<\/li>\n<li style=\"list-style-type: none;\">\n<ul>\n<li><strong>Abel G. M.<\/strong> &#8211; <a href=\"https:\/\/guimarques.com.br\/?p=5\">Tolkien e a mensagem do \u00fanico Anel<\/a><\/li>\n<li><strong>Ad\u00e9lia Prado<\/strong> &#8211; <a href=\"https:\/\/guimarques.com.br\/?p=197\">Antes do nome<\/a><\/li>\n<li><strong>Ad\u00e9lia Prado<\/strong> &#8211; <a href=\"https:\/\/guimarques.com.br\/?p=520\">Casamento<\/a><\/li>\n<li><strong>Ad\u00e9lia Prado<\/strong> &#8211; <a href=\"https:\/\/guimarques.com.br\/?p=279\">Com licen\u00e7a po\u00e9tica<\/a><\/li>\n<li><strong>Claudia Mondelo<\/strong> &#8211; <a href=\"https:\/\/guimarques.com.br\/?p=236\">Hoje \u00e9 o que temos<\/a><\/li>\n<li><strong>Constanza Vacas<\/strong> &#8211; <a href=\"https:\/\/guimarques.com.br\/?p=83\">10 cita\u00e7\u00f5es de O Pequeno Pr\u00edncipe, a obra escrita por um grande sonhador<\/a><\/li>\n<li><strong>Cora Coralina<\/strong> &#8211; <a href=\"https:\/\/guimarques.com.br\/?p=161\">Assim eu vejo a vida<\/a><\/li>\n<li><strong>Guilherme Fiuza<\/strong> &#8211; <a href=\"https:\/\/guimarques.com.br\/?p=355\">Como ser feliz em 2025<\/a><\/li>\n<li><strong>Jo\u00e3o Cabral de Melo Neto<\/strong> &#8211; <a href=\"https:\/\/guimarques.com.br\/?p=468\">A educa\u00e7\u00e3o pela pedra<\/a><\/li>\n<li><strong>Klaus Hemmerle<\/strong> &#8211; <a href=\"https:\/\/guimarques.com.br\/?p=269\">A ora\u00e7\u00e3o da estrela (que n\u00e3o se enganou)<\/a><\/li>\n<li><strong>Lic\u00ednia Quit\u00e9rio<\/strong> &#8211; <a href=\"https:\/\/guimarques.com.br\/?p=347\">Z\u00e9 da Fonte<\/a><\/li>\n<li><strong>Luiz Roque Alegria<\/strong> &#8211; <a href=\"https:\/\/guimarques.com.br\/?p=420\">Breve encontro<\/a><\/li>\n<li><strong>Mario Quintana<\/strong> &#8211; <a href=\"https:\/\/guimarques.com.br\/?p=372\">Quem sabe um dia<\/a><\/li>\n<li><strong>Ruy Castro<\/strong> &#8211; <a href=\"https:\/\/guimarques.com.br\/?p=241\">Melhor idade<\/a><\/li>\n<\/ul>\n<\/li>\n<\/ul>\n<hr \/>\n<ul>\n<li>\n<h3><span style=\"color: #ff0000;\"><strong>PSICOLOGIA<\/strong><\/span><\/h3>\n<\/li>\n<li style=\"list-style-type: none;\">\n<ul>\n<li><strong>BBC<\/strong> &#8211; <a href=\"https:\/\/guimarques.com.br\/?p=175\">O que acontece com o c\u00e9rebro quando rezamos<\/a><\/li>\n<li><strong>Facondo Macchi<\/strong> &#8211; <a href=\"https:\/\/guimarques.com.br\/?p=539\">As raz\u00f5es pelas quais algumas pessoas se lembram mais dos seus sonhos do que outras<\/a><\/li>\n<li><strong>Guillermo Dellamary<\/strong> &#8211; <a href=\"https:\/\/guimarques.com.br\/?p=732\">Como descobrir tua miss\u00e3o e voca\u00e7\u00e3o<\/a><\/li>\n<li><b><span data-contrast=\"auto\">Jos\u00e9 Mar\u00eda Contreras Luz\u00f3n<\/span><\/b> &#8211; <a href=\"https:\/\/guimarques.com.br\/?p=480\">O que \u00e9 enamorar-se?<\/a><\/li>\n<li><strong>Karen Hutch<\/strong> &#8211; <a href=\"https:\/\/guimarques.com.br\/?p=336\">5 pontos para estabelecer limites e fazer tua vida mais feliz<\/a><\/li>\n<li><strong>Karen Hutch<\/strong> &#8211; <a href=\"http:\/\/Benef\u00edcios de ter um animal de estima\u00e7\u00e3o em casa\">Benef\u00edcios de ter um animal de estima\u00e7\u00e3o em casa<\/a><\/li>\n<li><strong>L\u00eddia Gabriella<\/strong> &#8211; <a href=\"https:\/\/guimarques.com.br\/?p=29\">O que significa sentar de pernas cruzadas, segundo a psicologia?<\/a><\/li>\n<li><strong>Lu\u00edsa Machado<\/strong> &#8211; <a href=\"https:\/\/guimarques.com.br\/?p=377\">Fases do luto<\/a><\/li>\n<li><strong>Reda\u00e7\u00e3o<\/strong> &#8211; <a href=\"https:\/\/guimarques.com.br\/?p=136\">10 benef\u00edcios que a m\u00fasica traz<\/a><\/li>\n<li><strong>Reda\u00e7\u00e3o<\/strong> &#8211; <a href=\"https:\/\/guimarques.com.br\/?p=697\">O que significa ser pai hoje?<\/a><\/li>\n<li><strong>Reda\u00e7\u00e3o<\/strong> &#8211; <a href=\"https:\/\/guimarques.com.br\/?p=58\">Viva o momento presente<\/a><\/li>\n<li><strong>Revista A Ci\u00eancia da Felicidade<\/strong> &#8211; <a href=\"https:\/\/guimarques.com.br\/?p=412\">Renove suas energias<\/a><\/li>\n<\/ul>\n<\/li>\n<\/ul>\n<hr \/>\n<ul>\n<li>\n<h3><span style=\"color: #ff0000;\"><strong>SA\u00daDE<\/strong><\/span><\/h3>\n<\/li>\n<li style=\"list-style-type: none;\">\n<ul>\n<li><a href=\"https:\/\/guimarques.com.br\/?p=603\">25 regras para ser um idoso feliz<\/a><\/li>\n<li><strong>Ben Johnson<\/strong> &#8211; <a href=\"https:\/\/guimarques.com.br\/?p=98\">Frequentar igreja prolonga mais a vida que dieta e exerc\u00edcio, diz especialista<\/a><\/li>\n<li><strong>Guia Santos<\/strong> &#8211; <a href=\"https:\/\/guimarques.com.br\/?p=153\">Qual a import\u00e2ncia da tireoide para o corpo?<\/a><\/li>\n<li><strong>Henrique Guesser Ascen\u00e7o<\/strong> &#8211; <a href=\"https:\/\/guimarques.com.br\/?p=179\">Dezembro Laranja: preven\u00e7\u00e3o e detec\u00e7\u00e3o do C\u00e2ncer de Pele<\/a><\/li>\n<li><strong>Reda\u00e7\u00e3o<\/strong> &#8211; <a href=\"https:\/\/guimarques.com.br\/?p=202\">10 maneiras f\u00e1ceis de ser seu pr\u00f3prio m\u00e9dico<\/a><\/li>\n<li><strong>Reda\u00e7\u00e3o<\/strong> &#8211; <a href=\"https:\/\/guimarques.com.br\/?p=275\">Aten\u00e7\u00e3o com a sa\u00fade do f\u00edgado<\/a><\/li>\n<li>Reda\u00e7\u00e3o &#8211; <a href=\"https:\/\/guimarques.com.br\/?p=476\">Infarto: saiba reconhecer os sinais<\/a><\/li>\n<li><strong>Rosana Miyuki Irie<\/strong> &#8211; <a href=\"https:\/\/guimarques.com.br\/?p=351\">Preservando a vis\u00e3o<\/a><\/li>\n<\/ul>\n<\/li>\n<\/ul>\n<hr \/>\n<p>&nbsp;<\/p>\n","protected":false},"excerpt":{"rendered":"<p>ARTIGOS ADMINISTRA\u00c7\u00c3O Reda\u00e7\u00e3o &#8211; 5 coisas que acontecem com pessoas desorganizadas ANTROPOLOGIA Nu\u00f1o Dom\u00ednguez &#8211; Pegadas revelam a coexist\u00eancia de duas esp\u00e9cies humanas h\u00e1 1,5 milh\u00e3o de anos ASTRONOMIA Ism\u00eania Azambuja &#8211; A jornada de um g\u00eanio Marina Cerme\u00f1o Gavil\u00e1n &#8211; Como saber que a mat\u00e9ria escura existe se ela n\u00e3o pode ser detectada? Sarah [&hellip;]<\/p>\n","protected":false},"author":1,"featured_media":47,"parent":0,"menu_order":0,"comment_status":"closed","ping_status":"closed","template":"","meta":{"jetpack_post_was_ever_published":false,"footnotes":""},"class_list":["post-46","page","type-page","status-publish","has-post-thumbnail","hentry"],"jetpack_sharing_enabled":true,"jetpack_likes_enabled":true,"_links":{"self":[{"href":"https:\/\/guimarques.com.br\/index.php?rest_route=\/wp\/v2\/pages\/46","targetHints":{"allow":["GET"]}}],"collection":[{"href":"https:\/\/guimarques.com.br\/index.php?rest_route=\/wp\/v2\/pages"}],"about":[{"href":"https:\/\/guimarques.com.br\/index.php?rest_route=\/wp\/v2\/types\/page"}],"author":[{"embeddable":true,"href":"https:\/\/guimarques.com.br\/index.php?rest_route=\/wp\/v2\/users\/1"}],"replies":[{"embeddable":true,"href":"https:\/\/guimarques.com.br\/index.php?rest_route=%2Fwp%2Fv2%2Fcomments&post=46"}],"version-history":[{"count":98,"href":"https:\/\/guimarques.com.br\/index.php?rest_route=\/wp\/v2\/pages\/46\/revisions"}],"predecessor-version":[{"id":760,"href":"https:\/\/guimarques.com.br\/index.php?rest_route=\/wp\/v2\/pages\/46\/revisions\/760"}],"wp:featuredmedia":[{"embeddable":true,"href":"https:\/\/guimarques.com.br\/index.php?rest_route=\/wp\/v2\/media\/47"}],"wp:attachment":[{"href":"https:\/\/guimarques.com.br\/index.php?rest_route=%2Fwp%2Fv2%2Fmedia&parent=46"}],"curies":[{"name":"wp","href":"https:\/\/api.w.org\/{rel}","templated":true}]}}