{"id":38,"date":"2024-11-18T09:23:51","date_gmt":"2024-11-18T12:23:51","guid":{"rendered":"https:\/\/guimarques.com.br\/?page_id=38"},"modified":"2025-10-09T08:55:16","modified_gmt":"2025-10-09T11:55:16","slug":"downloads","status":"publish","type":"page","link":"https:\/\/guimarques.com.br\/?page_id=38","title":{"rendered":"MATERIAIS"},"content":{"rendered":"<h1 style=\"text-align: center;\"><strong><span style=\"color: #0000ff;\">HIST\u00d3RIA<\/span><\/strong><\/h1>\n<ul>\n<li><a href=\"https:\/\/guimarques.com.br\/wp-content\/uploads\/2025\/06\/CODIGO-DE-HAMURABI.pdf\" target=\"_blank\" rel=\"noopener\">C\u00f3digo de Hamurabi<\/a> <span style=\"color: #ff0000;\">(PDF)<\/span><\/li>\n<\/ul>\n<hr \/>\n<h1 style=\"text-align: center;\"><strong><span style=\"color: #0000ff;\">RELIGI\u00c3O<\/span><\/strong><\/h1>\n<h4><strong><span style=\"color: #993300;\">DOCUMENTOS ECLESI\u00c1STICOS<\/span><\/strong><\/h4>\n<ul>\n<li><strong>Francisco<\/strong> &#8211; <a href=\"https:\/\/guimarques.com.br\/wp-content\/uploads\/2025\/03\/Francisco-Patris-corde.pdf\" target=\"_blank\" rel=\"noopener\">Carta Apost\u00f3lica <em>Patris corde<\/em><\/a> &#8211; 150 anos da declara\u00e7\u00e3o de S\u00e3o Jos\u00e9, Patrono da Igreja <span style=\"color: #ff0000;\">(PDF)<\/span><\/li>\n<li><strong>Francisco<\/strong> &#8211; <a href=\"https:\/\/guimarques.com.br\/wp-content\/uploads\/2024\/11\/Papa-Francisco-Enciclica-Dilexit-nos.pdf\" target=\"_blank\" rel=\"noopener\">Carta Enc\u00edclica Dilexit nos<\/a> &#8211; Sobre o amor humano e divino do Cora\u00e7\u00e3o de Jesus <span style=\"color: #ff0000;\">(PDF)<\/span><\/li>\n<li><strong>Jo\u00e3o XXIII<\/strong> &#8211; <a href=\"https:\/\/guimarques.com.br\/wp-content\/uploads\/2025\/03\/Joao-XXIII-Le-voci.pdf\" target=\"_blank\" rel=\"noopener\">Carta Apost\u00f3lica <em>Le voci<\/em><\/a> &#8211; Sobre a Devo\u00e7\u00e3o a S\u00e3o Jos\u00e9 <span style=\"color: #ff0000;\">(PDF)<\/span><\/li>\n<li><strong>Le\u00e3o XIII<\/strong> &#8211; <a href=\"https:\/\/guimarques.com.br\/wp-content\/uploads\/2025\/03\/Carta-Enciclica-Quamquam-Pluries.pdf\" target=\"_blank\" rel=\"noopener\">Carta Enc\u00edclica <em>Quamquam Pluries<\/em><\/a> &#8211; Recorrer ao Patroc\u00ednio de S\u00e3o Jos\u00e9 <span style=\"color: #ff0000;\">(PDF)<\/span><\/li>\n<li><strong>Le\u00e3o XIV<\/strong> &#8211; <a href=\"https:\/\/guimarques.com.br\/wp-content\/uploads\/2025\/10\/Exortacao-Dilexi-te.pdf\" target=\"_blank\" rel=\"noopener\">Exorta\u00e7\u00e3o Apost\u00f3lica <em>Dilexi te<\/em><\/a> &#8211; Sobre o amor para com os pobres (<span style=\"color: #ff0000;\">PDF<\/span>)<\/li>\n<li><strong>Pio IX<\/strong> &#8211; <a href=\"https:\/\/guimarques.com.br\/wp-content\/uploads\/2025\/03\/Quemadmodum-Deus.pdf\" target=\"_blank\" rel=\"noopener\"><em>Quemadmodum Deus<\/em><\/a> &#8211; S\u00e3o Jos\u00e9 Patrono da Igreja <span style=\"color: #ff0000;\">(PDF)<\/span><\/li>\n<li><strong>Pio XI<\/strong> &#8211; <a href=\"https:\/\/guimarques.com.br\/wp-content\/uploads\/2025\/06\/Pio-XI-Quas-primas.pdf\" target=\"_blank\" rel=\"noopener\">Carta Enc\u00edclica <em>Quas primas<\/em><\/a> &#8211; Sobre a Festa de Cristo Rei <span style=\"color: #ff0000;\">(PDF)<\/span><\/li>\n<\/ul>\n<h4><strong><span style=\"color: #800000;\">JUBILEU 2025<\/span><\/strong><\/h4>\n<ul>\n<li>\u00a0<a href=\"https:\/\/guimarques.com.br\/wp-content\/uploads\/2024\/12\/INDULGENCIAS.pdf\">Indulg\u00eancias <\/a><span style=\"color: #ff0000;\">(PDF)<\/span><\/li>\n<\/ul>\n<h4><strong><span style=\"color: #993300;\">LITURGIA (roteiros)<\/span><\/strong><\/h4>\n<ul>\n<li><strong>Liturgia &#8211; <\/strong><a href=\"https:\/\/guimarques.com.br\/wp-content\/uploads\/2024\/12\/Celebracao-das-Exequias.pdf\">Celebra\u00e7\u00e3o das Ex\u00e9quias<\/a> (PDF)<\/li>\n<li><strong>Liturgia &#8211; <\/strong><a href=\"https:\/\/guimarques.com.br\/wp-content\/uploads\/2025\/03\/Momento-com-Sao-Jose.pdf\" target=\"_blank\" rel=\"noopener\">Momento com S\u00e3o Jos\u00e9 <\/a>(PDF)<\/li>\n<li><strong>Liturgia &#8211; <\/strong><a href=\"https:\/\/guimarques.com.br\/wp-content\/uploads\/2024\/12\/Visita-e-Comunhao-dos-Enfermos.pdf\">Visita e Comunh\u00e3o dos Enfermos<\/a> (PDF)<\/li>\n<\/ul>\n<hr \/>\n<h1 style=\"text-align: center;\"><span style=\"color: #0000ff;\"><strong>SA\u00daDE<\/strong><\/span><\/h1>\n<ul>\n<li><strong>Minist\u00e9rio da Sa\u00fade &#8211; <\/strong><a href=\"https:\/\/guimarques.com.br\/wp-content\/uploads\/2024\/11\/caderneta_crianca_menina_6ed.pdf\" target=\"_blank\" rel=\"noopener\">Caderneta da Crian\u00e7a &#8211; Menina<\/a> <span style=\"color: #ff0000;\">(PDF)<\/span><\/li>\n<li><strong>Minist\u00e9rio da Sa\u00fade &#8211; <\/strong><a href=\"https:\/\/guimarques.com.br\/wp-content\/uploads\/2024\/11\/caderneta_crianca_menino_6ed.pdf\" target=\"_blank\" rel=\"noopener\">Caderneta da Crian\u00e7a &#8211; Menino<\/a> <span style=\"color: #ff0000;\">(PDF)<\/span><\/li>\n<li><strong>Minist\u00e9rio da Sa\u00fade &#8211; <\/strong><a href=\"https:\/\/guimarques.com.br\/wp-content\/uploads\/2024\/11\/Cartilha-Conheca-seus-direitos-no-sus.pdf\" target=\"_blank\" rel=\"noopener\">Conhe\u00e7a seus direitos no SUS<\/a> <span style=\"color: #ff0000;\">(PDF)<\/span><strong><br \/>\n<\/strong><\/li>\n<\/ul>\n<hr \/>\n","protected":false},"excerpt":{"rendered":"<p>HIST\u00d3RIA C\u00f3digo de Hamurabi (PDF) RELIGI\u00c3O DOCUMENTOS ECLESI\u00c1STICOS Francisco &#8211; Carta Apost\u00f3lica Patris corde &#8211; 150 anos da declara\u00e7\u00e3o de S\u00e3o Jos\u00e9, Patrono da Igreja (PDF) Francisco &#8211; Carta Enc\u00edclica Dilexit nos &#8211; Sobre o amor humano e divino do Cora\u00e7\u00e3o de Jesus (PDF) Jo\u00e3o XXIII &#8211; Carta Apost\u00f3lica Le voci &#8211; Sobre a Devo\u00e7\u00e3o [&hellip;]<\/p>\n","protected":false},"author":1,"featured_media":39,"parent":0,"menu_order":0,"comment_status":"closed","ping_status":"closed","template":"","meta":{"jetpack_post_was_ever_published":false,"footnotes":""},"class_list":["post-38","page","type-page","status-publish","has-post-thumbnail","hentry"],"jetpack_sharing_enabled":true,"jetpack_likes_enabled":true,"_links":{"self":[{"href":"https:\/\/guimarques.com.br\/index.php?rest_route=\/wp\/v2\/pages\/38","targetHints":{"allow":["GET"]}}],"collection":[{"href":"https:\/\/guimarques.com.br\/index.php?rest_route=\/wp\/v2\/pages"}],"about":[{"href":"https:\/\/guimarques.com.br\/index.php?rest_route=\/wp\/v2\/types\/page"}],"author":[{"embeddable":true,"href":"https:\/\/guimarques.com.br\/index.php?rest_route=\/wp\/v2\/users\/1"}],"replies":[{"embeddable":true,"href":"https:\/\/guimarques.com.br\/index.php?rest_route=%2Fwp%2Fv2%2Fcomments&post=38"}],"version-history":[{"count":36,"href":"https:\/\/guimarques.com.br\/index.php?rest_route=\/wp\/v2\/pages\/38\/revisions"}],"predecessor-version":[{"id":768,"href":"https:\/\/guimarques.com.br\/index.php?rest_route=\/wp\/v2\/pages\/38\/revisions\/768"}],"wp:featuredmedia":[{"embeddable":true,"href":"https:\/\/guimarques.com.br\/index.php?rest_route=\/wp\/v2\/media\/39"}],"wp:attachment":[{"href":"https:\/\/guimarques.com.br\/index.php?rest_route=%2Fwp%2Fv2%2Fmedia&parent=38"}],"curies":[{"name":"wp","href":"https:\/\/api.w.org\/{rel}","templated":true}]}}