{"id":332,"date":"2024-12-30T11:48:26","date_gmt":"2024-12-30T14:48:26","guid":{"rendered":"https:\/\/guimarques.com.br\/?page_id=332"},"modified":"2026-01-09T14:21:28","modified_gmt":"2026-01-09T17:21:28","slug":"indice-religiao","status":"publish","type":"page","link":"https:\/\/guimarques.com.br\/?page_id=332","title":{"rendered":"\u00cdNDICE RELIGI\u00c3O"},"content":{"rendered":"<h1 style=\"text-align: center;\"><span style=\"color: #0000ff;\"><strong>RELIGI\u00c3O<\/strong><\/span><\/h1>\n<hr \/>\n<ul>\n<li>\n<h3><span style=\"color: #ff0000;\"><strong>BUDISMO<\/strong><\/span><\/h3>\n<ul>\n<li><strong>Fernanda Sciascio<\/strong> &#8211; <a href=\"https:\/\/guimarques.com.br\/?p=416\">Namast\u00ea!<\/a><\/li>\n<li><strong>Monja Coen<\/strong> &#8211; <a href=\"https:\/\/guimarques.com.br\/?p=440\">Cura da Terra \u00e9 a cura de todos<\/a><\/li>\n<li><strong>Monja Coen<\/strong> &#8211; <a href=\"https:\/\/guimarques.com.br\/?p=363\">Voc\u00ea est\u00e1 aqui?<\/a><\/li>\n<\/ul>\n<\/li>\n<\/ul>\n<hr \/>\n<ul>\n<li>\n<h3><span style=\"color: #ff0000;\"><strong>CATEQUESE<\/strong><\/span><\/h3>\n<ul>\n<li><strong>B\u00e1rbara Garavaglia<\/strong> &#8211; <a href=\"https:\/\/guimarques.com.br\/?p=459\">Catequese? Esfor\u00e7o desperdi\u00e7ado se n\u00e3o come\u00e7armos com as m\u00e3es e os pais<\/a><\/li>\n<li><strong>Reda\u00e7\u00e3o &#8211;<\/strong> <a href=\"https:\/\/guimarques.com.br\/?p=220\">Como come\u00e7ar a fazer um estudo b\u00edblico?<\/a><\/li>\n<\/ul>\n<\/li>\n<\/ul>\n<hr \/>\n<ul>\n<li>\n<h3><span style=\"color: #ff0000;\"><strong>ESPIRITUALIDADE<\/strong><\/span><\/h3>\n<ul>\n<li><strong>Miguel Angel Mesa Bouzas<\/strong> &#8211; <a href=\"https:\/\/guimarques.com.br\/?p=557\">A utopia \u00e9 usada para caminhar<\/a><\/li>\n<li><strong>Miguel Angel Mesa Bouzas &#8211;<\/strong> <a href=\"https:\/\/guimarques.com.br\/?p=774\">Bem-Aventuran\u00e7as do Encontro<\/a><\/li>\n<li><strong>Miguel Angel Mesa Bouzas<\/strong> &#8211; <a href=\"https:\/\/guimarques.com.br\/?p=389\">Descobrindo o sil\u00eancio<\/a><\/li>\n<li><strong>Miguel Angel Mesa Bouzas<\/strong> &#8211; <a href=\"https:\/\/guimarques.com.br\/?p=638\">Liberdade<\/a><\/li>\n<li><strong>Miguel Angel Mesa Bouzas<\/strong> &#8211; <a href=\"https:\/\/guimarques.com.br\/?p=681\">Pai e M\u00e3e nosso do Caminho<\/a><\/li>\n<li><strong>Miguel Angel Mesa Bouzas<\/strong> &#8211; <a href=\"https:\/\/guimarques.com.br\/?p=609\">Sexto sentido, o do humor<\/a><\/li>\n<li><strong>Miguel Angel Mesa Bouzas<\/strong> &#8211; <a href=\"https:\/\/guimarques.com.br\/?p=512\">Solid\u00e3o fecunda<\/a><\/li>\n<li><strong>Miguel Angel Mesa Bouzas<\/strong> &#8211; <a href=\"https:\/\/guimarques.com.br\/?p=343\">Universo interior<\/a><\/li>\n<li><strong>Reda\u00e7\u00e3o &#8211;\u00a0<\/strong><a href=\"https:\/\/guimarques.com.br\/?p=771\">Pequenos detalhes<\/a><\/li>\n<\/ul>\n<\/li>\n<\/ul>\n<hr \/>\n<ul>\n<li>\n<h3><span style=\"color: #ff0000;\"><strong>IGREJA<\/strong><\/span><\/h3>\n<ul>\n<li><span style=\"color: #0000ff;\"><strong>Jubileu 2025<\/strong><\/span>\n<ul>\n<li><strong>Dom Jos\u00e9 Gislon<\/strong> &#8211; <a href=\"https:\/\/guimarques.com.br\/?p=312\">&#8220;A esperan\u00e7a n\u00e3o engana&#8221; (Rm 5,5)<\/a><\/li>\n<li><strong>Papa Francisco<\/strong> &#8211; <a href=\"https:\/\/guimarques.com.br\/?p=249\">Ora\u00e7\u00e3o do Jubileu<\/a><\/li>\n<\/ul>\n<\/li>\n<li><span style=\"color: #0000ff;\"><strong>Papa<\/strong><\/span>\n<ul>\n<li><strong>Francisco<\/strong> &#8211; <a href=\"https:\/\/guimarques.com.br\/?p=495\">Caminhamos juntos na esperan\u00e7a<\/a> (Quaresma 2025)<\/li>\n<li><strong>Francisco<\/strong> &#8211; <a href=\"https:\/\/guimarques.com.br\/?p=500\">Mensagem para a Campanha da Fraternidade 2025<\/a><\/li>\n<\/ul>\n<\/li>\n<\/ul>\n<\/li>\n<\/ul>\n<hr \/>\n<ul>\n<li>\n<h3><span style=\"color: #ff0000;\"><strong>LITURGIA<\/strong><\/span><\/h3>\n<ul>\n<li><a href=\"https:\/\/guimarques.com.br\/?p=530\">19 de mar\u00e7o, S\u00e3o Jos\u00e9 &#8211; liturgia<\/a><\/li>\n<li><a href=\"https:\/\/guimarques.com.br\/?p=307\">Festa da Sagrada Fam\u00edlia<\/a><\/li>\n<li><a href=\"https:\/\/guimarques.com.br\/?p=368\">Gestos e atitudes que devem ser evitados na missa<\/a><\/li>\n<li><strong>Pe.\u00a0Fernando Pascual, LC<\/strong> &#8211; <a href=\"https:\/\/guimarques.com.br\/?p=701\">Festas lit\u00fargicas como catequese<\/a><\/li>\n<li><a href=\"https:\/\/guimarques.com.br\/?p=618\">Visita\u00e7\u00e3o de Nossa Senhora &#8211; 31 de maio<\/a><\/li>\n<\/ul>\n<\/li>\n<\/ul>\n<hr \/>\n<ul>\n<li>\n<h3><span style=\"color: #ff0000;\"><strong>MARIA<\/strong><\/span><\/h3>\n<ul>\n<li><b><strong>Buddy Greene e Mark Lowry &#8211; <\/strong><\/b><a href=\"https:\/\/guimarques.com.br\/?p=261\">Maria, voc\u00ea sabia?<\/a><b><strong><br \/>\n<\/strong><\/b><\/li>\n<li><a href=\"https:\/\/guimarques.com.br\/?p=740\">Consagra\u00e7\u00e3o ao Sagrado Cora\u00e7\u00e3o de Maria<\/a><\/li>\n<li><strong>Paulo Dierckx (Pe.) e Miguel Jord\u00e1 (Pe.)<\/strong> &#8211; <a href=\"https:\/\/guimarques.com.br\/?p=256\">Maria &#8230; Quem \u00e9 ela?<\/a><\/li>\n<li><strong>Rota Mariana<\/strong> &#8211; <a href=\"https:\/\/guimarques.com.br\/?p=433\">Lourdes<\/a><\/li>\n<li><a href=\"https:\/\/guimarques.com.br\/?p=618\">Visita\u00e7\u00e3o de Nossa Senhor &#8211; 31 de maio<\/a><\/li>\n<\/ul>\n<\/li>\n<\/ul>\n<hr \/>\n<ul>\n<li>\n<h3><span style=\"color: #ff0000;\"><strong>MORAL<\/strong><\/span><\/h3>\n<ul>\n<li><b>Karen Hutch<\/b> &#8211; <a href=\"https:\/\/guimarques.com.br\/?p=425\">A virtude da paci\u00eancia: benef\u00edcios e como pratic\u00e1-la<\/a><\/li>\n<li><a href=\"https:\/\/guimarques.com.br\/?p=646\">Liberdade<\/a><\/li>\n<\/ul>\n<\/li>\n<\/ul>\n<hr \/>\n<ul>\n<li>\n<h3><span style=\"color: #ff0000;\"><strong>NARRATIVAS<\/strong><\/span><\/h3>\n<ul>\n<li><a href=\"https:\/\/guimarques.com.br\/?p=454\">A \u00e1rvore da P\u00e1scoa<\/a><\/li>\n<li><a href=\"https:\/\/guimarques.com.br\/?p=622\">A lua feiticeira e a filha que n\u00e3o sabia pilar<\/a><\/li>\n<li><a href=\"https:\/\/guimarques.com.br\/?p=751\">A macieira<\/a><\/li>\n<li><a href=\"https:\/\/guimarques.com.br\/?p=189\">Anjo da Guarda<\/a><\/li>\n<li><a href=\"https:\/\/guimarques.com.br\/?p=707\">Basta uma cebola<\/a> &#8211; (F\u00e1bula Russa)<\/li>\n<li><a href=\"https:\/\/guimarques.com.br\/?p=657\">Em pleno voo<\/a><\/li>\n<li><a href=\"https:\/\/guimarques.com.br\/?p=183\">Estar ciente<\/a><\/li>\n<li><a href=\"https:\/\/guimarques.com.br\/?p=763\">O amor do pai<\/a><\/li>\n<li><a href=\"https:\/\/guimarques.com.br\/?p=381\">O celeiro do mundo<\/a><\/li>\n<li><a href=\"https:\/\/guimarques.com.br\/?p=282\">O lobo e o cordeiro<\/a><\/li>\n<li><a href=\"https:\/\/guimarques.com.br\/?p=166\">O n\u00f3<\/a><\/li>\n<li><a href=\"https:\/\/guimarques.com.br\/?p=642\">O rato e o ca\u00e7ador<\/a><\/li>\n<li><a href=\"https:\/\/guimarques.com.br\/?p=246\">Os dois pretendentes<\/a><\/li>\n<li><a href=\"https:\/\/guimarques.com.br\/?p=130\">Quando uma fruta n\u00e3o \u00e9 suficiente<\/a><\/li>\n<li><strong>Tiago Miguel Marinho<\/strong> &#8211; <a href=\"https:\/\/guimarques.com.br\/?p=401\">A bruxa desalmada e o seu enorme cora\u00e7\u00e3o<\/a><\/li>\n<\/ul>\n<\/li>\n<\/ul>\n<hr \/>\n<ul>\n<li>\n<h3><span style=\"color: #ff0000;\"><strong>ORA\u00c7\u00d5ES<\/strong><\/span><\/h3>\n<ul>\n<li><a href=\"https:\/\/guimarques.com.br\/?p=740\">Consagra\u00e7\u00e3o ao Sagrado Cora\u00e7\u00e3o de Maria<\/a><\/li>\n<li><strong>Dag Hammarskj\u00f6ld<\/strong> &#8211; <a href=\"https:\/\/guimarques.com.br\/?p=489\">A ora\u00e7\u00e3o dos sentidos<\/a><\/li>\n<li><strong>Le\u00e3o XIII<\/strong> &#8211; <a href=\"https:\/\/guimarques.com.br\/?p=524\">Ora\u00e7\u00e3o a S\u00e3o Jos\u00e9<\/a><\/li>\n<li><a href=\"https:\/\/guimarques.com.br\/?p=429\">Ora\u00e7\u00e3o a Nossa Senhora de Lourdes<\/a><\/li>\n<li><a href=\"https:\/\/guimarques.com.br\/?p=301\">Ora\u00e7\u00e3o \u00e0 Sagrada Fam\u00edlia<\/a><\/li>\n<li><a href=\"https:\/\/guimarques.com.br\/?p=716\">Ora\u00e7\u00e3o a S\u00e3o Jo\u00e3o Batista<\/a><\/li>\n<li><a href=\"https:\/\/guimarques.com.br\/?p=317\">Ora\u00e7\u00e3o ao Esp\u00edrito Santo<\/a><\/li>\n<li><a href=\"https:\/\/guimarques.com.br\/?p=736\">Ora\u00e7\u00e3o de Consagra\u00e7\u00e3o ao Sagrado Cora\u00e7\u00e3o de Jesus<\/a><\/li>\n<li><a href=\"https:\/\/guimarques.com.br\/?p=145\">Ora\u00e7\u00e3o do Advento<\/a><\/li>\n<li><a href=\"https:\/\/guimarques.com.br\/?p=249\">Ora\u00e7\u00e3o do Jubileu<\/a><\/li>\n<li><a href=\"https:\/\/guimarques.com.br\/?p=50\">Ora\u00e7\u00e3o para glorificar a Apresenta\u00e7\u00e3o de Nossa Senhora<\/a><\/li>\n<li><a href=\"https:\/\/guimarques.com.br\/?p=663\">Ora\u00e7\u00e3o pela humanidade em guerra<\/a><\/li>\n<li><a href=\"https:\/\/guimarques.com.br\/?p=157\">Pai-Nosso do cuidado<\/a><\/li>\n<li><strong>Papa Francisco<\/strong> &#8211; <a href=\"https:\/\/guimarques.com.br\/?p=286\">Ora\u00e7\u00e3o pela Paz<\/a><\/li>\n<li><strong>Raoul Follereau &#8211; <\/strong><a href=\"https:\/\/guimarques.com.br\/?p=463\">Senhor, ensina-nos amar primeiro a quem ningu\u00e9m ama<\/a><\/li>\n<li><strong>S\u00e3o Jos\u00e9 Marello<\/strong> &#8211; <a href=\"https:\/\/guimarques.com.br\/?p=549\">Ora\u00e7\u00e3o a S\u00e3o Jos\u00e9<\/a><\/li>\n<li><strong>Tonino Bello<\/strong> &#8211; <a href=\"https:\/\/guimarques.com.br\/?p=318\">Saber agradecer<\/a><\/li>\n<\/ul>\n<\/li>\n<\/ul>\n<hr \/>\n<ul>\n<li>\n<h3><strong><span style=\"color: #ff0000;\">S\u00c3O JOS\u00c9<\/span><\/strong><\/h3>\n<ul>\n<li><a href=\"https:\/\/guimarques.com.br\/?p=530\">19 de mar\u00e7o, S\u00e3o Jos\u00e9 &#8211; liturgia.<\/a><\/li>\n<li><strong>Francisco<\/strong> &#8211; <a href=\"https:\/\/guimarques.com.br\/wp-content\/uploads\/2025\/03\/Francisco-Patris-corde.pdf\" target=\"_blank\" rel=\"noopener\">Carta Apost\u00f3lica <em>Patris corde<\/em><\/a> <span style=\"color: #ff0000;\">(PDF)<\/span><\/li>\n<li><strong>Jo\u00e3o XXIII<\/strong> &#8211; <a href=\"https:\/\/guimarques.com.br\/wp-content\/uploads\/2025\/03\/Joao-XXIII-Le-voci.pdf\" target=\"_blank\" rel=\"noopener\">Carta Apost\u00f3lica <em>Le voci<\/em><\/a> <span style=\"color: #ff0000;\">(PDF)<\/span><\/li>\n<li><strong>Jos\u00e9 Moreno Losada<\/strong> &#8211; <a href=\"https:\/\/guimarques.com.br\/?p=564\">Jos\u00e9 e Deus, sil\u00eancio e escuta<\/a><\/li>\n<li><strong>Juan Jos\u00e9 Omella, Cardeal<\/strong> &#8211; <a href=\"https:\/\/guimarques.com.br\/?p=553\">Um homem virtuoso<\/a><\/li>\n<li><strong>Le\u00e3o XIII<\/strong> &#8211; <a href=\"https:\/\/guimarques.com.br\/wp-content\/uploads\/2025\/03\/Carta-Enciclica-Quamquam-Pluries.pdf\" target=\"_blank\" rel=\"noopener\">Carta Enc\u00edclica <em>Quamquam Pluries<\/em><\/a> <span style=\"color: #ff0000;\">(PDF)<\/span><\/li>\n<li><strong>Le\u00e3o XIII<\/strong> &#8211; <a href=\"https:\/\/guimarques.com.br\/?p=524\">Ora\u00e7\u00e3o a S\u00e3o Jos\u00e9<\/a><\/li>\n<li><strong>Michel Gasnier<\/strong> &#8211; <a href=\"https:\/\/guimarques.com.br\/?p=534\">S\u00e3o Jos\u00e9, modelo dos crist\u00e3os<\/a><\/li>\n<li><strong>Momento com S\u00e3o Jos\u00e9<\/strong> &#8211; (vide: <a href=\"https:\/\/guimarques.com.br\/?page_id=38\">Materiais<\/a>)<\/li>\n<li><strong>Pio IX<\/strong> &#8211; <a href=\"https:\/\/guimarques.com.br\/wp-content\/uploads\/2025\/03\/Quemadmodum-Deus.pdf\" target=\"_blank\" rel=\"noopener\"><em>Quemadmodum Deus<\/em><\/a> <span style=\"color: #ff0000;\">(PDF)<\/span><\/li>\n<li><strong>S\u00e3o Jos\u00e9 Marello<\/strong> &#8211; <a href=\"https:\/\/guimarques.com.br\/?p=549\">Ora\u00e7\u00e3o a S\u00e3o Jos\u00e9<\/a><\/li>\n<\/ul>\n<\/li>\n<\/ul>\n<p>&nbsp;<\/p>\n","protected":false},"excerpt":{"rendered":"<p>RELIGI\u00c3O BUDISMO Fernanda Sciascio &#8211; Namast\u00ea! Monja Coen &#8211; Cura da Terra \u00e9 a cura de todos Monja Coen &#8211; Voc\u00ea est\u00e1 aqui? CATEQUESE B\u00e1rbara Garavaglia &#8211; Catequese? Esfor\u00e7o desperdi\u00e7ado se n\u00e3o come\u00e7armos com as m\u00e3es e os pais Reda\u00e7\u00e3o &#8211; Como come\u00e7ar a fazer um estudo b\u00edblico? ESPIRITUALIDADE Miguel Angel Mesa Bouzas &#8211; A [&hellip;]<\/p>\n","protected":false},"author":1,"featured_media":47,"parent":0,"menu_order":0,"comment_status":"closed","ping_status":"closed","template":"","meta":{"jetpack_post_was_ever_published":false,"footnotes":""},"class_list":["post-332","page","type-page","status-publish","has-post-thumbnail","hentry"],"jetpack_sharing_enabled":true,"jetpack_likes_enabled":true,"_links":{"self":[{"href":"https:\/\/guimarques.com.br\/index.php?rest_route=\/wp\/v2\/pages\/332","targetHints":{"allow":["GET"]}}],"collection":[{"href":"https:\/\/guimarques.com.br\/index.php?rest_route=\/wp\/v2\/pages"}],"about":[{"href":"https:\/\/guimarques.com.br\/index.php?rest_route=\/wp\/v2\/types\/page"}],"author":[{"embeddable":true,"href":"https:\/\/guimarques.com.br\/index.php?rest_route=\/wp\/v2\/users\/1"}],"replies":[{"embeddable":true,"href":"https:\/\/guimarques.com.br\/index.php?rest_route=%2Fwp%2Fv2%2Fcomments&post=332"}],"version-history":[{"count":60,"href":"https:\/\/guimarques.com.br\/index.php?rest_route=\/wp\/v2\/pages\/332\/revisions"}],"predecessor-version":[{"id":778,"href":"https:\/\/guimarques.com.br\/index.php?rest_route=\/wp\/v2\/pages\/332\/revisions\/778"}],"wp:featuredmedia":[{"embeddable":true,"href":"https:\/\/guimarques.com.br\/index.php?rest_route=\/wp\/v2\/media\/47"}],"wp:attachment":[{"href":"https:\/\/guimarques.com.br\/index.php?rest_route=%2Fwp%2Fv2%2Fmedia&parent=332"}],"curies":[{"name":"wp","href":"https:\/\/api.w.org\/{rel}","templated":true}]}}